{"id":2,"date":"2021-02-04T17:16:37","date_gmt":"2021-02-04T17:16:37","guid":{"rendered":"http:\/\/www.jr-woodcraft.fi\/?page_id=2"},"modified":"2024-03-22T14:00:55","modified_gmt":"2024-03-22T14:00:55","slug":"sample-page","status":"publish","type":"page","link":"https:\/\/www.jr-woodcraft.fi\/","title":{"rendered":"JR-Woodcraft Oy"},"content":{"rendered":"\n<p>Olemme Vantaan Petikossa toimiva moderni puusep\u00e4nliike. T\u00f6iss\u00e4mme yhdist\u00e4mme perinteisen puusep\u00e4ntaidon ja tarkkuuden sek\u00e4  hy\u00f6dynn\u00e4mme modernin konekantamme antamat mahdollisuudet.  <\/p>\n\n\n\n<p>Pyrkimyksemme ei ole olla suurin tekij\u00e4 markkinoilla, vaan panostamme laatuun ja joustavuuteen. Toimintamme on  t\u00e4ysin asiakasl\u00e4ht\u00f6ist\u00e4: Sinun toiveesi ja tyytyv\u00e4isyytesi ovat meille aina t\u00e4rkein asia. <\/p>\n\n\n\n<p>Me teemme ty\u00f6mme huolella, jotta sin\u00e4 voisit olla ylpe\u00e4 kalusteistasi.<\/p>\n","protected":false},"excerpt":{"rendered":"<p>Olemme Vantaan Petikossa toimiva moderni puusep\u00e4nliike. T\u00f6iss\u00e4mme yhdist\u00e4mme perinteisen puusep\u00e4ntaidon ja tarkkuuden sek\u00e4 hy\u00f6dynn\u00e4mme modernin konekantamme antamat mahdollisuudet. Pyrkimyksemme ei ole olla suurin tekij\u00e4 markkinoilla, vaan panostamme laatuun ja joustavuuteen. Toimintamme on t\u00e4ysin asiakasl\u00e4ht\u00f6ist\u00e4: Sinun toiveesi ja tyytyv\u00e4isyytesi ovat meille aina t\u00e4rkein asia. Me teemme ty\u00f6mme huolella, jotta sin\u00e4 voisit olla ylpe\u00e4 kalusteistasi.<\/p>\n","protected":false},"author":1,"featured_media":482,"parent":0,"menu_order":0,"comment_status":"closed","ping_status":"closed","template":"","meta":{"two_page_speed":null,"footnotes":""},"class_list":["post-2","page","type-page","status-publish","has-post-thumbnail","hentry"],"_links":{"self":[{"href":"https:\/\/www.jr-woodcraft.fi\/index.php?rest_route=\/wp\/v2\/pages\/2","targetHints":{"allow":["GET"]}}],"collection":[{"href":"https:\/\/www.jr-woodcraft.fi\/index.php?rest_route=\/wp\/v2\/pages"}],"about":[{"href":"https:\/\/www.jr-woodcraft.fi\/index.php?rest_route=\/wp\/v2\/types\/page"}],"author":[{"embeddable":true,"href":"https:\/\/www.jr-woodcraft.fi\/index.php?rest_route=\/wp\/v2\/users\/1"}],"replies":[{"embeddable":true,"href":"https:\/\/www.jr-woodcraft.fi\/index.php?rest_route=%2Fwp%2Fv2%2Fcomments&post=2"}],"version-history":[{"count":18,"href":"https:\/\/www.jr-woodcraft.fi\/index.php?rest_route=\/wp\/v2\/pages\/2\/revisions"}],"predecessor-version":[{"id":496,"href":"https:\/\/www.jr-woodcraft.fi\/index.php?rest_route=\/wp\/v2\/pages\/2\/revisions\/496"}],"wp:featuredmedia":[{"embeddable":true,"href":"https:\/\/www.jr-woodcraft.fi\/index.php?rest_route=\/wp\/v2\/media\/482"}],"wp:attachment":[{"href":"https:\/\/www.jr-woodcraft.fi\/index.php?rest_route=%2Fwp%2Fv2%2Fmedia&parent=2"}],"curies":[{"name":"wp","href":"https:\/\/api.w.org\/{rel}","templated":true}]}}